{"id":194,"date":"2018-09-14T16:06:28","date_gmt":"2018-09-14T14:06:28","guid":{"rendered":"https:\/\/expatadvice.org\/de\/?page_id=194"},"modified":"2023-01-13T15:18:36","modified_gmt":"2023-01-13T14:18:36","slug":"imprint","status":"publish","type":"page","link":"https:\/\/expatadvice.org\/de\/imprint\/","title":{"rendered":"imprint"},"content":{"rendered":"<h1>Imprint<\/h1>\n<p>expatadvice.org\/de ist ein Projekt der<\/p>\n<p>Expatadvice GmbHGesch\u00e4ftsf\u00fchrung:Herr Christian Fr\u00f6hnerTheobaldstra\u00dfe 34D-64807 DieburgE-Mail: info@expatadvice.orgUmsatzsteuer-Identi\ufb01kationsnummer gem\u00e4\u00df \u00a7 27 a Umsatzsteuergesetz: DE 305493274 Sitz Dieburg, Amtsgericht Darmstadt HRB 95092 Inhaltlich Verantwortlicher gem\u00e4\u00df \u00a7 55 Abs. 2 RStV: Herr Christian Fr\u00f6hner<\/p>\n<p>Zust\u00e4ndige Aufsichtsbeh\u00f6rde f\u00fcr die Versicherungsvermittlung:Industrie- und Handelskammer WiesbadenWilhelmstra\u00dfe 2465183 WiesbadenTel:+49 (0) 611<img decoding=\"async\" src=\"https:\/\/beamten-beratung.com\/impressum-v-1\/chrome-extension%3A\/\/fnfjhngmcifidioghdjgagaaadmcafpo\/skin\/icon_click2dial.gif\" alt=\"\">&nbsp;\u2013 150 00Fax:+49 (0) 611<img decoding=\"async\" src=\"https:\/\/beamten-beratung.com\/impressum-v-1\/chrome-extension%3A\/\/fnfjhngmcifidioghdjgagaaadmcafpo\/skin\/icon_click2dial.gif\" alt=\"\">&nbsp;\u2013 150 02 22<a href=\"http:\/\/www.ihk-wiesbaden.de\/\" style=\"outline: none;\">http:\/\/www.ihk-wiesbaden.de<\/a><\/p>\n<p>T\u00e4tigkeitsart:\u200bVersicherungsmakler mit Erlaubnis nach \u00a7 34d Abs. 1 GewOChristian Fr\u00f6hner, Theobaldstra\u00dfe 34, D-64807 Dieburg<\/p>\n<p>Verm\u00f6gensschadenhaftpflicht:besteht bei der R+V Versicherung unter der Nr: 407 84 344 60 9411<\/p>\n<p>Vermittlerregisternummer: D-DUI7-797X2-13<\/p>\n<p>Das Vermittlerregister wird gef\u00fchrt bei:Deutscher Industrie- und Handelskammertag (DIHK) e.V.Breite Stra\u00dfe 2910178 BerlinTel:+49 (0) 30<img decoding=\"async\" src=\"https:\/\/beamten-beratung.com\/impressum-v-1\/chrome-extension%3A\/\/fnfjhngmcifidioghdjgagaaadmcafpo\/skin\/icon_click2dial.gif\" alt=\"\">&nbsp;\u2013 203 08 0<a href=\"http:\/\/www.vermittlerregister.info\/\" style=\"outline: none;\">http:\/\/www.vermittlerregister.info<\/a><\/p>\n<p>Schlichtungsstellen:Versicherungsombudsmann e.V.Postfach 08 06 3210006 Berlin<a href=\"http:\/\/www.versicherungsombudsmann.de\/\">http:\/\/www.versicherungsombudsmann.de<\/a><\/p>\n<p>Ombudsmann f\u00fcr die private Kranken- und PflegeversicherungKronenstrasse 13, 10117 Berlin<a href=\"http:\/\/www.pkv-ombudsmann.de\/\">http:\/\/www.pkv-ombudsmann.de<\/a><\/p>\n<p>Es bestehen keine Beteiligungen von Versicherungsgesellschaften am o.g. Unternehmen und das Unternehmen ist auch nicht an Versicherungsgesellschaften beteiligt.<\/p>\n<h2>Haftungsausschluss:<\/h2>\n<p>Haftung f\u00fcr InhalteDie Inhalte unserer Seiten wurden mit gr\u00f6\u00dfter Sorgfalt erstellt. F\u00fcr die Richtigkeit, Vollst\u00e4ndigkeit und Aktualit\u00e4t der Inhalte k\u00f6nnen wir jedoch keine Gew\u00e4hr \u00fcbernehmen. Als Diensteanbieter sind wir gem\u00e4\u00df \u00a7 7 Abs.1 TMG f\u00fcr eigene Inhalte auf diesen Seiten nach den allgemeinen Gesetzen verantwortlich. Nach \u00a7\u00a7 8 bis 10 TMG sind wir als Diensteanbieter jedoch nicht verpflichtet, \u00fcbermittelte oder gespeicherte fremde Informationen zu \u00fcberwachen oder nach Umst\u00e4nden zu forschen, die auf eine rechtswidrige T\u00e4tigkeit hinweisen. Verpflichtungen zur Entfernung oder Sperrung der Nutzung von Informationen nach den allgemeinen Gesetzen bleiben hiervon unber\u00fchrt. Eine diesbez\u00fcgliche Haftung ist jedoch erst ab dem Zeitpunkt der Kenntnis einer konkreten Rechtsverletzung m\u00f6glich. Bei Bekanntwerden von entsprechenden Rechtsverletzungen werden wir diese Inhalte umgehend entfernen.<\/p>\n<p>Haftung f\u00fcr LinksUnser Angebot enth\u00e4lt Links zu externen Webseiten Dritter, auf deren Inhalte wir keinen Einfluss haben. Deshalb k\u00f6nnen wir f\u00fcr diese fremden Inhalte auch keine Gew\u00e4hr \u00fcbernehmen. F\u00fcr die Inhalte der verlinkten Seiten ist stets der jeweilige Anbieter oder Betreiber der Seiten verantwortlich. Die verlinkten Seiten wurden zum Zeitpunkt der Verlinkung auf m\u00f6gliche Rechtsverst\u00f6\u00dfe \u00fcberpr\u00fcft. Rechtswidrige Inhalte waren zum Zeitpunkt der Verlinkung nicht erkennbar. Eine permanente inhaltliche Kontrolle der verlinkten Seiten ist jedoch ohne konkrete Anhaltspunkte einer Rechtsverletzung nicht zumutbar. Bei Bekanntwerden von Rechtsverletzungen werden wir derartige Links umgehend entfernen.<\/p>\n<p>UrheberrechtDie durch die Seitenbetreiber erstellten Inhalte und Werke auf diesen Seiten unterliegen dem deutschen Urheberrecht. Die Vervielf\u00e4ltigung, Bearbeitung, Verbreitung und jede Art der Verwertung au\u00dferhalb der Grenzen des Urheberrechtes bed\u00fcrfen der schriftlichen Zustimmung des jeweiligen Autors bzw. Erstellers. Downloads und Kopien dieser Seite sind nur f\u00fcr den privaten, nicht kommerziellen Gebrauch gestattet. Soweit die Inhalte auf dieser Seite nicht vom Betreiber erstellt wurden, werden die Urheberrechte Dritter beachtet. Insbesondere werden Inhalte Dritter als solche gekennzeichnet. Sollten Sie trotzdem auf eine Urheberrechtsverletzung aufmerksam werden, bitten wir um einen entsprechenden Hinweis. Bei Bekanntwerden von Rechtsverletzungen werden wir derartige Inhalte umgehend entfernen.<\/p>\n<p>Quelle:&nbsp;<a href=\"http:\/\/www.e-recht24.de\/muster-disclaimer.htm\">Disclaimer<\/a>&nbsp;von eRecht24, dem Portal zum Internetrecht von&nbsp;<a href=\"http:\/\/www.e-recht24.de\/\">Rechtsanwalt<\/a>&nbsp;S\u00f6ren Siebert.<\/p>\n<p>DatenschutzWir nehmen den Schutz Ihrer pers\u00f6nlichen Daten sehr ernst und halten uns strikt an die Regeln der Datenschutzgesetz.<\/p>\n<p>Jede Erhebung, Verarbeitung und Nutzung der uns bekannt gegebenen Daten zur Ihrer Person erfolgt gem\u00e4\u00df den gesetzlichen Bestimmungen. Ihre Pers\u00f6nlichkeitsrechte zu sch\u00fctzen ist f\u00fcr uns wichtig. Daher werden alle Mitarbeiter die Angaben, die Sie uns beim Besuch unserer Internetseite mitteilen, vertraulich behandeln.<\/p>\n<p>Personenbezogene Daten sind gem\u00e4\u00df des Bundesdatenschutzgesetzes (BDSG) Einzelangaben einer bestimmten oder bestimmbaren nat\u00fcrlichen Person hinsichtlich pers\u00f6nlichen oder sachlichen Verh\u00e4ltnissen. Je nach Art der mit uns bestehenden Gesch\u00e4fts-\/Vertragsbeziehung k\u00f6nnen dies neben allgemeinen Angaben wie Name, Anschrift, Geburtsdatum, Familienstand, Beruf und Bankverbindung auch sensible Daten sein. Beispiele hierzu sind Angaben \u00fcber Einkommensverh\u00e4ltnisse, Gesundheit, etc.<\/p>\n<p>Ihre pers\u00f6nlichen Daten verwenden wir nur zu dem Zweck, zu dem Sie uns die Daten \u00fcberlassen haben und f\u00fcr deren Nutzung oder Weitergabe Sie Ihr Einverst\u00e4ndnis gegeben haben.<\/p>\n<p>Ihre pers\u00f6nlichen Daten unterliegen einem hohen Schutz, den wir durch technische und organisatorische Ma\u00dfnahmen gew\u00e4hrleisten. Hierzu geh\u00f6rt, dass keine Datenweitergabe an Dritte erfolgt, ohne dass die Betroffenen dem zugestimmt h\u00e4tten, au\u00dfer gesetzliche Bestimmungen verlangen die Weitergabe.<\/p>\n<p>Sie erkl\u00e4ren sich mit Absendung eines Angebots-\/Analyse-\/Vergleichsfragebogen damit einverstanden, dass wir die von Ihnen \u00fcbermittelten Daten zur Bearbeitung gegebenenfalls an einen Kooperationspartner weiterleiten. In Einzelf\u00e4llen ist es notwendig zur Angebotserstellung eine Bonit\u00e4tspr\u00fcfung durchzuf\u00fchren. Durch die Best\u00e4tigung der Checkbox f\u00fcr die Bestimmungen des Datenschutzes erkl\u00e4ren Sie sich damit einverstanden, dass wir in diesem Falle einen Austausch von Daten durchf\u00fchren d\u00fcrfen.<\/p>\n<p>Sie verzichten gegen\u00fcber den genannten Unternehmen auf eine gesonderte Benachrichtigung f\u00fcr den Fall der Daten\u00fcbermittlung. Sie haben das Recht auf jederzeitigen Widerruf dieser Erkl\u00e4rung mit Wirkung f\u00fcr die Zukunft gem\u00e4\u00df TDDSG. Au\u00dferdem besteht ein Auskunftsrecht bei dem von mir beauftragten Makler zu den dort \u00fcber mich gespeicherten Daten, deren Herkunft und den Zweck der Speicherung.<\/p>\n<p>Unsere Kooperationspartner (Finanzdienstleister und\/oder Versicherungsmakler) nehmen Kontakt zu Ihnen auf und helfen Ihnen kostenlos, unabh\u00e4ngig und unverbindlich, um die f\u00fcr Sie richtige Versicherung herauszufinden.<\/p>\n<p>Wir m\u00f6chten Sie bitten, nur ernst gemeinte Anfragen zu stellen, um somit unseren Kooperationspartnern die gebotene Fairness entgegenzubringen.<\/p>\n<p>Bitte beachten Sie, dass ohne Angabe Ihrer Telefonnummer eine Bearbeitung ihrer Anfrage leider nicht m\u00f6glich.<\/p>\n","protected":false},"excerpt":{"rendered":"<p>Imprint expatadvice.org\/de ist ein Projekt der Expatadvice GmbHGesch\u00e4ftsf\u00fchrung:Herr Christian Fr\u00f6hnerTheobaldstra\u00dfe 34D-64807 DieburgE-Mail: info@expatadvice.orgUmsatzsteuer-Identi\ufb01kationsnummer gem\u00e4\u00df \u00a7 27 a Umsatzsteuergesetz: DE 305493274 Sitz Dieburg, Amtsgericht Darmstadt HRB 95092 Inhaltlich Verantwortlicher gem\u00e4\u00df \u00a7 55 Abs. 2 RStV: Herr Christian Fr\u00f6hner Zust\u00e4ndige Aufsichtsbeh\u00f6rde f\u00fcr die Versicherungsvermittlung:Industrie- und Handelskammer WiesbadenWilhelmstra\u00dfe 2465183 WiesbadenTel:+49 (0) 611&nbsp;\u2013 150 00Fax:+49 (0) 611&nbsp;\u2013 150 02 [&hellip;]<\/p>\n","protected":false},"author":1,"featured_media":0,"parent":0,"menu_order":0,"comment_status":"closed","ping_status":"closed","template":"","meta":{"site-sidebar-layout":"default","site-content-layout":"default","ast-site-content-layout":"default","site-content-style":"default","site-sidebar-style":"default","ast-global-header-display":"","ast-banner-title-visibility":"","ast-main-header-display":"","ast-hfb-above-header-display":"","ast-hfb-below-header-display":"","ast-hfb-mobile-header-display":"","site-post-title":"disabled","ast-breadcrumbs-content":"","ast-featured-img":"disabled","footer-sml-layout":"","theme-transparent-header-meta":"default","adv-header-id-meta":"","stick-header-meta":"default","header-above-stick-meta":"","header-main-stick-meta":"","header-below-stick-meta":"","astra-migrate-meta-layouts":"default","ast-page-background-enabled":"default","ast-page-background-meta":{"desktop":{"background-color":"","background-image":"","background-repeat":"repeat","background-position":"center center","background-size":"auto","background-attachment":"scroll","background-type":"","background-media":"","overlay-type":"","overlay-color":"","overlay-opacity":"","overlay-gradient":""},"tablet":{"background-color":"","background-image":"","background-repeat":"repeat","background-position":"center center","background-size":"auto","background-attachment":"scroll","background-type":"","background-media":"","overlay-type":"","overlay-color":"","overlay-opacity":"","overlay-gradient":""},"mobile":{"background-color":"","background-image":"","background-repeat":"repeat","background-position":"center center","background-size":"auto","background-attachment":"scroll","background-type":"","background-media":"","overlay-type":"","overlay-color":"","overlay-opacity":"","overlay-gradient":""}},"ast-content-background-meta":{"desktop":{"background-color":"var(--ast-global-color-5)","background-image":"","background-repeat":"repeat","background-position":"center center","background-size":"auto","background-attachment":"scroll","background-type":"","background-media":"","overlay-type":"","overlay-color":"","overlay-opacity":"","overlay-gradient":""},"tablet":{"background-color":"var(--ast-global-color-5)","background-image":"","background-repeat":"repeat","background-position":"center center","background-size":"auto","background-attachment":"scroll","background-type":"","background-media":"","overlay-type":"","overlay-color":"","overlay-opacity":"","overlay-gradient":""},"mobile":{"background-color":"var(--ast-global-color-5)","background-image":"","background-repeat":"repeat","background-position":"center center","background-size":"auto","background-attachment":"scroll","background-type":"","background-media":"","overlay-type":"","overlay-color":"","overlay-opacity":"","overlay-gradient":""}},"footnotes":""},"class_list":["post-194","page","type-page","status-publish","hentry"],"yoast_head":"<!-- This site is optimized with the Yoast SEO plugin v25.5 - https:\/\/yoast.com\/wordpress\/plugins\/seo\/ -->\n<title>imprint - Expat Advice for Germany - Everything you need to know as an expat in germany<\/title>\n<meta name=\"robots\" content=\"index, follow, max-snippet:-1, max-image-preview:large, max-video-preview:-1\" \/>\n<link rel=\"canonical\" href=\"https:\/\/expatadvice.org\/de\/imprint\/\" \/>\n<meta property=\"og:locale\" content=\"de_DE\" \/>\n<meta property=\"og:type\" content=\"article\" \/>\n<meta property=\"og:title\" content=\"imprint - Expat Advice for Germany - Everything you need to know as an expat in germany\" \/>\n<meta property=\"og:description\" content=\"Imprint expatadvice.org\/de ist ein Projekt der Expatadvice GmbHGesch\u00e4ftsf\u00fchrung:Herr Christian Fr\u00f6hnerTheobaldstra\u00dfe 34D-64807 DieburgE-Mail: info@expatadvice.orgUmsatzsteuer-Identi\ufb01kationsnummer gem\u00e4\u00df \u00a7 27 a Umsatzsteuergesetz: DE 305493274 Sitz Dieburg, Amtsgericht Darmstadt HRB 95092 Inhaltlich Verantwortlicher gem\u00e4\u00df \u00a7 55 Abs. 2 RStV: Herr Christian Fr\u00f6hner Zust\u00e4ndige Aufsichtsbeh\u00f6rde f\u00fcr die Versicherungsvermittlung:Industrie- und Handelskammer WiesbadenWilhelmstra\u00dfe 2465183 WiesbadenTel:+49 (0) 611&nbsp;\u2013 150 00Fax:+49 (0) 611&nbsp;\u2013 150 02 [&hellip;]\" \/>\n<meta property=\"og:url\" content=\"https:\/\/expatadvice.org\/de\/imprint\/\" \/>\n<meta property=\"og:site_name\" content=\"Expat Advice for Germany - Everything you need to know as an expat in germany\" \/>\n<meta property=\"article:modified_time\" content=\"2023-01-13T14:18:36+00:00\" \/>\n<meta property=\"og:image\" content=\"https:\/\/beamten-beratung.com\/impressum-v-1\/chrome-extension%3A\/\/fnfjhngmcifidioghdjgagaaadmcafpo\/skin\/icon_click2dial.gif\" \/>\n<meta name=\"twitter:card\" content=\"summary_large_image\" \/>\n<meta name=\"twitter:label1\" content=\"Gesch\u00e4tzte Lesezeit\" \/>\n\t<meta name=\"twitter:data1\" content=\"4\u00a0Minuten\" \/>\n<script type=\"application\/ld+json\" class=\"yoast-schema-graph\">{\"@context\":\"https:\/\/schema.org\",\"@graph\":[{\"@type\":\"WebPage\",\"@id\":\"https:\/\/expatadvice.org\/de\/imprint\/\",\"url\":\"https:\/\/expatadvice.org\/de\/imprint\/\",\"name\":\"imprint - Expat Advice for Germany - Everything you need to know as an expat in germany\",\"isPartOf\":{\"@id\":\"https:\/\/expatadvice.org\/de\/#website\"},\"primaryImageOfPage\":{\"@id\":\"https:\/\/expatadvice.org\/de\/imprint\/#primaryimage\"},\"image\":{\"@id\":\"https:\/\/expatadvice.org\/de\/imprint\/#primaryimage\"},\"thumbnailUrl\":\"https:\/\/beamten-beratung.com\/impressum-v-1\/chrome-extension%3A\/\/fnfjhngmcifidioghdjgagaaadmcafpo\/skin\/icon_click2dial.gif\",\"datePublished\":\"2018-09-14T14:06:28+00:00\",\"dateModified\":\"2023-01-13T14:18:36+00:00\",\"breadcrumb\":{\"@id\":\"https:\/\/expatadvice.org\/de\/imprint\/#breadcrumb\"},\"inLanguage\":\"de\",\"potentialAction\":[{\"@type\":\"ReadAction\",\"target\":[\"https:\/\/expatadvice.org\/de\/imprint\/\"]}]},{\"@type\":\"ImageObject\",\"inLanguage\":\"de\",\"@id\":\"https:\/\/expatadvice.org\/de\/imprint\/#primaryimage\",\"url\":\"https:\/\/beamten-beratung.com\/impressum-v-1\/chrome-extension%3A\/\/fnfjhngmcifidioghdjgagaaadmcafpo\/skin\/icon_click2dial.gif\",\"contentUrl\":\"https:\/\/beamten-beratung.com\/impressum-v-1\/chrome-extension%3A\/\/fnfjhngmcifidioghdjgagaaadmcafpo\/skin\/icon_click2dial.gif\"},{\"@type\":\"BreadcrumbList\",\"@id\":\"https:\/\/expatadvice.org\/de\/imprint\/#breadcrumb\",\"itemListElement\":[{\"@type\":\"ListItem\",\"position\":1,\"name\":\"Startseite\",\"item\":\"https:\/\/expatadvice.org\/de\/\"},{\"@type\":\"ListItem\",\"position\":2,\"name\":\"imprint\"}]},{\"@type\":\"WebSite\",\"@id\":\"https:\/\/expatadvice.org\/de\/#website\",\"url\":\"https:\/\/expatadvice.org\/de\/\",\"name\":\"Expat Advice for Germany - Everything you need to know as an expat in germany\",\"description\":\"Work - Insurance - Finance - Taxes - Schools - Education\",\"publisher\":{\"@id\":\"https:\/\/expatadvice.org\/de\/#organization\"},\"potentialAction\":[{\"@type\":\"SearchAction\",\"target\":{\"@type\":\"EntryPoint\",\"urlTemplate\":\"https:\/\/expatadvice.org\/de\/?s={search_term_string}\"},\"query-input\":{\"@type\":\"PropertyValueSpecification\",\"valueRequired\":true,\"valueName\":\"search_term_string\"}}],\"inLanguage\":\"de\"},{\"@type\":\"Organization\",\"@id\":\"https:\/\/expatadvice.org\/de\/#organization\",\"name\":\"Expat Advice for Germany - Everything you need to know as an expat in germany\",\"url\":\"https:\/\/expatadvice.org\/de\/\",\"logo\":{\"@type\":\"ImageObject\",\"inLanguage\":\"de\",\"@id\":\"https:\/\/expatadvice.org\/de\/#\/schema\/logo\/image\/\",\"url\":\"https:\/\/expatadvice.org\/de\/wp-content\/uploads\/sites\/4\/2019\/11\/expatadvice-logo-350x68.png\",\"contentUrl\":\"https:\/\/expatadvice.org\/de\/wp-content\/uploads\/sites\/4\/2019\/11\/expatadvice-logo-350x68.png\",\"width\":350,\"height\":68,\"caption\":\"Expat Advice for Germany - Everything you need to know as an expat in germany\"},\"image\":{\"@id\":\"https:\/\/expatadvice.org\/de\/#\/schema\/logo\/image\/\"}}]}<\/script>\n<!-- \/ Yoast SEO plugin. -->","yoast_head_json":{"title":"imprint - Expat Advice for Germany - Everything you need to know as an expat in germany","robots":{"index":"index","follow":"follow","max-snippet":"max-snippet:-1","max-image-preview":"max-image-preview:large","max-video-preview":"max-video-preview:-1"},"canonical":"https:\/\/expatadvice.org\/de\/imprint\/","og_locale":"de_DE","og_type":"article","og_title":"imprint - Expat Advice for Germany - Everything you need to know as an expat in germany","og_description":"Imprint expatadvice.org\/de ist ein Projekt der Expatadvice GmbHGesch\u00e4ftsf\u00fchrung:Herr Christian Fr\u00f6hnerTheobaldstra\u00dfe 34D-64807 DieburgE-Mail: info@expatadvice.orgUmsatzsteuer-Identi\ufb01kationsnummer gem\u00e4\u00df \u00a7 27 a Umsatzsteuergesetz: DE 305493274 Sitz Dieburg, Amtsgericht Darmstadt HRB 95092 Inhaltlich Verantwortlicher gem\u00e4\u00df \u00a7 55 Abs. 2 RStV: Herr Christian Fr\u00f6hner Zust\u00e4ndige Aufsichtsbeh\u00f6rde f\u00fcr die Versicherungsvermittlung:Industrie- und Handelskammer WiesbadenWilhelmstra\u00dfe 2465183 WiesbadenTel:+49 (0) 611&nbsp;\u2013 150 00Fax:+49 (0) 611&nbsp;\u2013 150 02 [&hellip;]","og_url":"https:\/\/expatadvice.org\/de\/imprint\/","og_site_name":"Expat Advice for Germany - Everything you need to know as an expat in germany","article_modified_time":"2023-01-13T14:18:36+00:00","og_image":[{"url":"https:\/\/beamten-beratung.com\/impressum-v-1\/chrome-extension%3A\/\/fnfjhngmcifidioghdjgagaaadmcafpo\/skin\/icon_click2dial.gif","type":"","width":"","height":""}],"twitter_card":"summary_large_image","twitter_misc":{"Gesch\u00e4tzte Lesezeit":"4\u00a0Minuten"},"schema":{"@context":"https:\/\/schema.org","@graph":[{"@type":"WebPage","@id":"https:\/\/expatadvice.org\/de\/imprint\/","url":"https:\/\/expatadvice.org\/de\/imprint\/","name":"imprint - Expat Advice for Germany - Everything you need to know as an expat in germany","isPartOf":{"@id":"https:\/\/expatadvice.org\/de\/#website"},"primaryImageOfPage":{"@id":"https:\/\/expatadvice.org\/de\/imprint\/#primaryimage"},"image":{"@id":"https:\/\/expatadvice.org\/de\/imprint\/#primaryimage"},"thumbnailUrl":"https:\/\/beamten-beratung.com\/impressum-v-1\/chrome-extension%3A\/\/fnfjhngmcifidioghdjgagaaadmcafpo\/skin\/icon_click2dial.gif","datePublished":"2018-09-14T14:06:28+00:00","dateModified":"2023-01-13T14:18:36+00:00","breadcrumb":{"@id":"https:\/\/expatadvice.org\/de\/imprint\/#breadcrumb"},"inLanguage":"de","potentialAction":[{"@type":"ReadAction","target":["https:\/\/expatadvice.org\/de\/imprint\/"]}]},{"@type":"ImageObject","inLanguage":"de","@id":"https:\/\/expatadvice.org\/de\/imprint\/#primaryimage","url":"https:\/\/beamten-beratung.com\/impressum-v-1\/chrome-extension%3A\/\/fnfjhngmcifidioghdjgagaaadmcafpo\/skin\/icon_click2dial.gif","contentUrl":"https:\/\/beamten-beratung.com\/impressum-v-1\/chrome-extension%3A\/\/fnfjhngmcifidioghdjgagaaadmcafpo\/skin\/icon_click2dial.gif"},{"@type":"BreadcrumbList","@id":"https:\/\/expatadvice.org\/de\/imprint\/#breadcrumb","itemListElement":[{"@type":"ListItem","position":1,"name":"Startseite","item":"https:\/\/expatadvice.org\/de\/"},{"@type":"ListItem","position":2,"name":"imprint"}]},{"@type":"WebSite","@id":"https:\/\/expatadvice.org\/de\/#website","url":"https:\/\/expatadvice.org\/de\/","name":"Expat Advice for Germany - Everything you need to know as an expat in germany","description":"Work - Insurance - Finance - Taxes - Schools - Education","publisher":{"@id":"https:\/\/expatadvice.org\/de\/#organization"},"potentialAction":[{"@type":"SearchAction","target":{"@type":"EntryPoint","urlTemplate":"https:\/\/expatadvice.org\/de\/?s={search_term_string}"},"query-input":{"@type":"PropertyValueSpecification","valueRequired":true,"valueName":"search_term_string"}}],"inLanguage":"de"},{"@type":"Organization","@id":"https:\/\/expatadvice.org\/de\/#organization","name":"Expat Advice for Germany - Everything you need to know as an expat in germany","url":"https:\/\/expatadvice.org\/de\/","logo":{"@type":"ImageObject","inLanguage":"de","@id":"https:\/\/expatadvice.org\/de\/#\/schema\/logo\/image\/","url":"https:\/\/expatadvice.org\/de\/wp-content\/uploads\/sites\/4\/2019\/11\/expatadvice-logo-350x68.png","contentUrl":"https:\/\/expatadvice.org\/de\/wp-content\/uploads\/sites\/4\/2019\/11\/expatadvice-logo-350x68.png","width":350,"height":68,"caption":"Expat Advice for Germany - Everything you need to know as an expat in germany"},"image":{"@id":"https:\/\/expatadvice.org\/de\/#\/schema\/logo\/image\/"}}]}},"_links":{"self":[{"href":"https:\/\/expatadvice.org\/de\/wp-json\/wp\/v2\/pages\/194","targetHints":{"allow":["GET"]}}],"collection":[{"href":"https:\/\/expatadvice.org\/de\/wp-json\/wp\/v2\/pages"}],"about":[{"href":"https:\/\/expatadvice.org\/de\/wp-json\/wp\/v2\/types\/page"}],"author":[{"embeddable":true,"href":"https:\/\/expatadvice.org\/de\/wp-json\/wp\/v2\/users\/1"}],"replies":[{"embeddable":true,"href":"https:\/\/expatadvice.org\/de\/wp-json\/wp\/v2\/comments?post=194"}],"version-history":[{"count":10,"href":"https:\/\/expatadvice.org\/de\/wp-json\/wp\/v2\/pages\/194\/revisions"}],"predecessor-version":[{"id":757,"href":"https:\/\/expatadvice.org\/de\/wp-json\/wp\/v2\/pages\/194\/revisions\/757"}],"wp:attachment":[{"href":"https:\/\/expatadvice.org\/de\/wp-json\/wp\/v2\/media?parent=194"}],"curies":[{"name":"wp","href":"https:\/\/api.w.org\/{rel}","templated":true}]}}